{"id":32138,"date":"2023-06-02T13:24:48","date_gmt":"2023-06-02T11:24:48","guid":{"rendered":"https:\/\/wip.perfectionist.ch\/product\/nero-self-healing-ceramic-coating\/"},"modified":"2023-06-02T13:24:48","modified_gmt":"2023-06-02T11:24:48","slug":"nero-self-healing-ceramic-coating","status":"publish","type":"product","link":"https:\/\/wip.perfectionist.ch\/fr\/produit\/nero-self-healing-ceramic-coating\/","title":{"rendered":"Nero Self-Healing Ceramic Coating"},"content":{"rendered":"<div class=\"elementor-column elementor-col-50 elementor-top-column elementor-element elementor-element-f1f899c\" data-id=\"f1f899c\" data-element_type=\"column\">\n<div class=\"elementor-widget-wrap elementor-element-populated\">\n<div class=\"elementor-element elementor-element-1ed7323 elementor-widget elementor-widget-text-editor\" data-id=\"1ed7323\" data-element_type=\"widget\" data-widget_type=\"text-editor.default\">\n<div class=\"elementor-widget-container\">\n<p><strong>Peut \u00eatre utilis\u00e9 en toute s\u00e9curit\u00e9 sur les finitions suivantes:<\/strong><\/p>\n<ul>\n<li>PPF<\/li>\n<li>Rev\u00eatements en vinyle<\/li>\n<li>Peintures<\/li>\n<li>Rev\u00eatement en poudre<\/li>\n<li>Finitions mates<\/li>\n<li>Finitions satin\u00e9es<\/li>\n<li>Finitions brillantes<\/li>\n<\/ul>\n<p><strong>Caract\u00e9ristiques:<\/strong><\/p>\n<ul>\n<li>S\u2019utilise sur les PPF et les rev\u00eatements en vinyle.<\/li>\n<li>Am\u00e9liore les finitions brillantes, mates et satin\u00e9es.<\/li>\n<li>Propri\u00e9t\u00e9s de renforcement de la brillance.<\/li>\n<li>Ultra hydrophobe.<\/li>\n<li>Contenu actif \u00e9lev\u00e9.<\/li>\n<li>Faible teneur en solvant.<\/li>\n<li>Rend la surface plus facile \u00e0 entretenir.<\/li>\n<li>Angle de r\u00e9pulsion de l\u2019eau de 110\u00ba.<\/li>\n<li>Angle d\u2019\u00e9gouttage aussi bas que 17\u00ba.<\/li>\n<li>Application par essuyage.<\/li>\n<\/ul>\n<div>\n<p><strong>Durabilit\u00e9 et R\u00e9sistance aux Rayures:<\/strong><\/p>\n<ul>\n<li>Rev\u00eatement c\u00e9ramique auto-cicatrisant<\/li>\n<li>Duret\u00e9 3.5H.<\/li>\n<li>Durable pendant un minimum de 5 ans.<\/li>\n<li>Durable pendant 7 ans lorsqu\u2019il est associ\u00e9 \u00e0 notre rev\u00eatement en c\u00e9ramique Molecule 9H.<\/li>\n<li>Plus durable que la protection fournie par le concessionnaire.<\/li>\n<li>Haute r\u00e9sistance chimique.<\/li>\n<\/ul>\n<div class=\"elementor-element elementor-element-85ac4c5 elementor-widget elementor-widget-text-editor\" data-id=\"85ac4c5\" data-element_type=\"widget\" data-widget_type=\"text-editor.default\">\n<div class=\"elementor-widget-container\">\n<p><strong>Inclus dans le kit:<\/strong><\/p>\n<ul>\n<li>Bouteille de 30ml de rev\u00eatement c\u00e9ramique auto-cicatrisant Nero<\/li>\n<li>4x Applicateurs en microfibre de 75mm<\/li>\n<\/ul>\n<\/div>\n<\/div>\n<\/div>\n<\/div>\n<\/div>\n<\/div>\n<\/div>\n","protected":false},"excerpt":{"rendered":"<p>Infus\u00e9 de diamants, <strong>Nero Self-Healing Ceramic Coating<\/strong> est un rev\u00eatement ultra-hydrophobe qui peut \u00eatre utilis\u00e9 sur les finitions PPF, vinyles ou peintes.<\/p>\n<p>Une fois appliqu\u00e9, le rev\u00eatement devient la couche active au-dessus de la surface, prot\u00e9geant contre les produits chimiques, les excr\u00e9ments d\u2019oiseaux, les rayons UV et m\u00eame les rayures mineures jusqu\u2019\u00e0 5 ans.<\/p>\n<p>Nero a un contenu actif \u00e9lev\u00e9, compos\u00e9 de particules de diamant, qui aide \u00e0 maximiser la brillance et la protection tout en aidant le processus d\u2019auto-gu\u00e9rison, ce qui permet de garder votre peinture sans hologramme plus longtemps.<\/p>\n<p>Nero Self-Healing Ceramic Coating peut \u00e9galement \u00eatre utilis\u00e9 comme couche de finition sur notre rev\u00eatement c\u00e9ramique \u00e0 base de mol\u00e9cules 9H, augmentant ainsi la r\u00e9sistance aux rayures et la durabilit\u00e9 jusqu\u2019\u00e0 7 ans.<\/p>\n<p><span lang=\"FR-CH\"><strong>130.00 CHF<\/strong><\/span><\/p>\n","protected":false},"featured_media":785,"comment_status":"open","ping_status":"closed","template":"","meta":{"site-sidebar-layout":"default","site-content-layout":"default","ast-global-header-display":"","ast-banner-title-visibility":"","ast-main-header-display":"","ast-hfb-above-header-display":"","ast-hfb-below-header-display":"","ast-hfb-mobile-header-display":"","site-post-title":"","ast-breadcrumbs-content":"","ast-featured-img":"","footer-sml-layout":"","theme-transparent-header-meta":"default","adv-header-id-meta":"","stick-header-meta":"","header-above-stick-meta":"","header-main-stick-meta":"","header-below-stick-meta":""},"product_cat":[85,91],"product_tag":[87],"class_list":["post-32138","product","type-product","status-publish","has-post-thumbnail","hentry","product_cat-carbon-collective-fr","product_cat-ceramic-fr","product_tag-carbon-collective-fr","desktop-align-left","tablet-align-center","mobile-align-left","ast-product-gallery-layout-horizontal-slider","ast-product-gallery-with-no-image","ast-product-tabs-layout-horizontal"],"_links":{"self":[{"href":"https:\/\/wip.perfectionist.ch\/fr\/wp-json\/wp\/v2\/product\/32138","targetHints":{"allow":["GET"]}}],"collection":[{"href":"https:\/\/wip.perfectionist.ch\/fr\/wp-json\/wp\/v2\/product"}],"about":[{"href":"https:\/\/wip.perfectionist.ch\/fr\/wp-json\/wp\/v2\/types\/product"}],"replies":[{"embeddable":true,"href":"https:\/\/wip.perfectionist.ch\/fr\/wp-json\/wp\/v2\/comments?post=32138"}],"wp:featuredmedia":[{"embeddable":true,"href":"https:\/\/wip.perfectionist.ch\/fr\/wp-json\/wp\/v2\/media\/785"}],"wp:attachment":[{"href":"https:\/\/wip.perfectionist.ch\/fr\/wp-json\/wp\/v2\/media?parent=32138"}],"wp:term":[{"taxonomy":"product_cat","embeddable":true,"href":"https:\/\/wip.perfectionist.ch\/fr\/wp-json\/wp\/v2\/product_cat?post=32138"},{"taxonomy":"product_tag","embeddable":true,"href":"https:\/\/wip.perfectionist.ch\/fr\/wp-json\/wp\/v2\/product_tag?post=32138"}],"curies":[{"name":"wp","href":"https:\/\/api.w.org\/{rel}","templated":true}]}}