{"id":32139,"date":"2023-06-02T13:24:12","date_gmt":"2023-06-02T11:24:12","guid":{"rendered":"https:\/\/wip.perfectionist.ch\/product\/molecule-ceramic-coating\/"},"modified":"2023-06-02T13:24:12","modified_gmt":"2023-06-02T11:24:12","slug":"molecule-ceramic-coating","status":"publish","type":"product","link":"https:\/\/wip.perfectionist.ch\/fr\/produit\/molecule-ceramic-coating\/","title":{"rendered":"Molecule Ceramic Coating"},"content":{"rendered":"<p><strong>Caract\u00e9ristiques:<\/strong><\/p>\n<ul>\n<li>Protection maximale contre les rayures.<\/li>\n<li>Super-hydrophobe.<\/li>\n<li>Rend la surface plus facile \u00e0 entretenir.<\/li>\n<li>Contenu actif plus \u00e9lev\u00e9.<\/li>\n<li>Application Super Slick, \u00ab wipe on wipe off \u00bb.<\/li>\n<li>Am\u00e9liore les finitions brillantes, mates et satin\u00e9es.<\/li>\n<\/ul>\n<p><strong>Durabilit\u00e9 et r\u00e9sistance aux rayures:<\/strong><\/p>\n<ul>\n<li>V\u00e9ritable duret\u00e9 9H<\/li>\n<li>Durable pendant un minimum de 5 ans<\/li>\n<li>Durable pendant 7 ans lorsqu\u2019elle est associ\u00e9e \u00e0 notre rev\u00eatement c\u00e9ramique auto-cicatrisant Nero.<\/li>\n<li>Plus durable que la protection fournie par le concessionnaire<\/li>\n<li>Haute r\u00e9sistance chimique<\/li>\n<\/ul>\n<p><strong>Inclus dans le kit:<\/strong><\/p>\n<ul>\n<li>Bouteille de 30ml de rev\u00eatement c\u00e9ramique Molecule 9H<\/li>\n<li>Kit d\u2019application \u2013 1 Bloque et 5 Chiffons<strong><span lang=\"FR-CH\"><br \/>\n<\/span><\/strong><\/li>\n<\/ul>\n","protected":false},"excerpt":{"rendered":"<p><strong>Molecule Ceramic Coating<\/strong> est un v\u00e9ritable rev\u00eatement ultra-hydrophobe 9H. Une fois appliqu\u00e9, le rev\u00eatement devient la couche active au-dessus de la surface, prot\u00e9geant contre les rayures, les bavures, les produits chimiques, les excr\u00e9ments d\u2019oiseaux et les rayons UV jusqu\u2019\u00e0 5 ans.<\/p>\n<p>Molecule peut \u00eatre utilis\u00e9 seul comme rev\u00eatement autonome ou comme couche de base pour notre rev\u00eatement c\u00e9ramique autocicatrisant Nero, augmentant la durabilit\u00e9 et la r\u00e9sistance aux rayures jusqu\u2019\u00e0 7 ans.<\/p>\n<p><strong>Peut \u00eatre utilis\u00e9 en toute s\u00e9curit\u00e9 sur les finitions suivantes:<\/strong><\/p>\n<ul>\n<li>Finitions mates<\/li>\n<li>Finitions satin\u00e9es<\/li>\n<li>Finitions brillantes<\/li>\n<li>Peint<\/li>\n<li>Poudr\u00e9<\/li>\n<\/ul>\n<p><strong><span lang=\"FR-CH\">130.00 CHF<\/span><\/strong><\/p>\n","protected":false},"featured_media":784,"comment_status":"open","ping_status":"closed","template":"","meta":{"site-sidebar-layout":"default","site-content-layout":"default","ast-global-header-display":"","ast-banner-title-visibility":"","ast-main-header-display":"","ast-hfb-above-header-display":"","ast-hfb-below-header-display":"","ast-hfb-mobile-header-display":"","site-post-title":"","ast-breadcrumbs-content":"","ast-featured-img":"","footer-sml-layout":"","theme-transparent-header-meta":"default","adv-header-id-meta":"","stick-header-meta":"","header-above-stick-meta":"","header-main-stick-meta":"","header-below-stick-meta":""},"product_cat":[85,91],"product_tag":[87],"class_list":["post-32139","product","type-product","status-publish","has-post-thumbnail","hentry","product_cat-carbon-collective-fr","product_cat-ceramic-fr","product_tag-carbon-collective-fr","desktop-align-left","tablet-align-center","mobile-align-left","ast-product-gallery-layout-horizontal-slider","ast-product-gallery-with-no-image","ast-product-tabs-layout-horizontal"],"_links":{"self":[{"href":"https:\/\/wip.perfectionist.ch\/fr\/wp-json\/wp\/v2\/product\/32139","targetHints":{"allow":["GET"]}}],"collection":[{"href":"https:\/\/wip.perfectionist.ch\/fr\/wp-json\/wp\/v2\/product"}],"about":[{"href":"https:\/\/wip.perfectionist.ch\/fr\/wp-json\/wp\/v2\/types\/product"}],"replies":[{"embeddable":true,"href":"https:\/\/wip.perfectionist.ch\/fr\/wp-json\/wp\/v2\/comments?post=32139"}],"wp:featuredmedia":[{"embeddable":true,"href":"https:\/\/wip.perfectionist.ch\/fr\/wp-json\/wp\/v2\/media\/784"}],"wp:attachment":[{"href":"https:\/\/wip.perfectionist.ch\/fr\/wp-json\/wp\/v2\/media?parent=32139"}],"wp:term":[{"taxonomy":"product_cat","embeddable":true,"href":"https:\/\/wip.perfectionist.ch\/fr\/wp-json\/wp\/v2\/product_cat?post=32139"},{"taxonomy":"product_tag","embeddable":true,"href":"https:\/\/wip.perfectionist.ch\/fr\/wp-json\/wp\/v2\/product_tag?post=32139"}],"curies":[{"name":"wp","href":"https:\/\/api.w.org\/{rel}","templated":true}]}}