{"id":32145,"date":"2023-06-02T13:19:31","date_gmt":"2023-06-02T11:19:31","guid":{"rendered":"https:\/\/wip.perfectionist.ch\/product\/speciale-sio2-ceramic-detailer\/"},"modified":"2023-06-02T13:19:31","modified_gmt":"2023-06-02T11:19:31","slug":"speciale-sio2-ceramic-detailer","status":"publish","type":"product","link":"https:\/\/wip.perfectionist.ch\/fr\/produit\/speciale-sio2-ceramic-detailer\/","title":{"rendered":"Speciale SiO2 Ceramic Detailer"},"content":{"rendered":"<p><strong>Mode d\u2019emploi:<\/strong><\/p>\n<ul>\n<li>Ce produit peut \u00eatre utilis\u00e9 humide ou sec.<\/li>\n<li>Appliquez un jet l\u00e9ger sur le chiffon en microfibre \u00e0 une distance d\u2019environ 20 cm.<\/li>\n<li>Appliquez un panneau \u00e0 la fois, en essuyant en lignes droites.<\/li>\n<li>Enlevez l\u2019exc\u00e9dent de r\u00e9sidus en pliant le chiffon au fur et \u00e0 mesure.<\/li>\n<li>\u00c0 l\u2019aide d\u2019un deuxi\u00e8me chiffon en microfibre sec, \u00e9liminez l\u2019exc\u00e8s de r\u00e9sidus.<\/li>\n<\/ul>\n<p><strong><a href=\"https:\/\/wip.perfectionist.ch\/wp-content\/uploads\/2023\/06\/11.-Speciale-Ceramic-Detailer-Carbon-Collective-09.11.22-3.pdf\" target=\"_blank\" rel=\"noopener\">T\u00e9l\u00e9chargez la fiche de donn\u00e9es de s\u00e9curit\u00e9.<\/a><\/strong><\/p>\n","protected":false},"excerpt":{"rendered":"<p><strong>Speciale SiO2 Ceramic Detailer<\/strong><\/p>\n<p>Avec une hausse de 60% du contenu actif par rapport \u00e0 la version originale, cette version est plus durable, plus stable, plus facile \u00e0 appliquer et \u00e0 enlever.<\/p>\n<p>Speciale SiO2 Ceramic Detailer red\u00e9finit ce que vous attendez d\u2019un detailer, d\u00e9velopp\u00e9 avec le m\u00eame contenu actif de SiO2 que les rev\u00eatements c\u00e9ramiques, donnant une brillance in\u00e9gal\u00e9e et des propri\u00e9t\u00e9s de protection hydrophobes.<\/p>\n<p>La teneur en SiO2 active prolonge la durabilit\u00e9 et l\u2019hydrophobie des rev\u00eatements existants. Appliqu\u00e9 \u00e0 l\u2019\u00e9tat humide ou sec, le spray peut \u00eatre essuy\u00e9 et retir\u00e9 en quelques minutes, laissant une finition brillante durable. Speciale est \u00e9galement un moyen efficace de prot\u00e9ger les surfaces non rev\u00eatues.<\/p>\n<p>Contrairement \u00e0 d\u2019autres produits, il ne n\u00e9cessite aucune couche de base ou pr\u00e9paration. Il suffit de vaporiser le produit et de l\u2019essuyer pour appliquer une barri\u00e8re hydrophobe rapide et efficace.<\/p>\n<p>Si on le souhaite, le spray c\u00e9ramique peut \u00eatre superpos\u00e9 \u00e0 la protection existante ou appliqu\u00e9 en plusieurs couches, ce qui permet d\u2019\u00e9tendre la protection et les propri\u00e9t\u00e9s hydrophobes.<\/p>\n<ul>\n<li>Nouveau parfum signature<\/li>\n<li>Vaporisateur de 28 mm pour une application plus facile<\/li>\n<li>Contenu c\u00e9ramique actif SiO2<\/li>\n<li>Augmente les propri\u00e9t\u00e9s hydrophobes des rev\u00eatements et des cires.<\/li>\n<li>Prolonge la dur\u00e9e de vie de la protection existante<\/li>\n<li>Peut \u00eatre utilis\u00e9 comme une protection synth\u00e9tique autonome<\/li>\n<li>Formule \u00e0 vaporiser et \u00e0 essuyer<\/li>\n<li>Durable pendant 3 mois sur une application compl\u00e8te (deux couches)<\/li>\n<li>Sans danger pour les finitions mates et brillantes<\/li>\n<li>Peut \u00eatre utilis\u00e9 sur les plastiques, le verre, la peinture, les m\u00e9taux et les peintures en poudre.<\/li>\n<li>Augmente la brillance et la clart\u00e9<\/li>\n<\/ul>\n<p><strong><u>Disponible en:<\/u><\/strong><\/p>\n<ul>\n<li><strong>500ml \u2013 25.00 CHF<\/strong><\/li>\n<li><strong>1 Litre \u2013 45.00 CHF<\/strong><\/li>\n<\/ul>\n","protected":false},"featured_media":1323,"comment_status":"open","ping_status":"closed","template":"","meta":{"site-sidebar-layout":"default","site-content-layout":"default","ast-global-header-display":"","ast-banner-title-visibility":"","ast-main-header-display":"","ast-hfb-above-header-display":"","ast-hfb-below-header-display":"","ast-hfb-mobile-header-display":"","site-post-title":"","ast-breadcrumbs-content":"","ast-featured-img":"","footer-sml-layout":"","theme-transparent-header-meta":"default","adv-header-id-meta":"","stick-header-meta":"","header-above-stick-meta":"","header-main-stick-meta":"","header-below-stick-meta":""},"product_cat":[85,90],"product_tag":[87],"class_list":["post-32145","product","type-product","status-publish","has-post-thumbnail","hentry","product_cat-carbon-collective-fr","product_cat-detailing-rapide-carbon-collective","product_tag-carbon-collective-fr","desktop-align-left","tablet-align-center","mobile-align-left","ast-product-gallery-layout-horizontal-slider","ast-product-tabs-layout-horizontal"],"_links":{"self":[{"href":"https:\/\/wip.perfectionist.ch\/fr\/wp-json\/wp\/v2\/product\/32145","targetHints":{"allow":["GET"]}}],"collection":[{"href":"https:\/\/wip.perfectionist.ch\/fr\/wp-json\/wp\/v2\/product"}],"about":[{"href":"https:\/\/wip.perfectionist.ch\/fr\/wp-json\/wp\/v2\/types\/product"}],"replies":[{"embeddable":true,"href":"https:\/\/wip.perfectionist.ch\/fr\/wp-json\/wp\/v2\/comments?post=32145"}],"wp:featuredmedia":[{"embeddable":true,"href":"https:\/\/wip.perfectionist.ch\/fr\/wp-json\/wp\/v2\/media\/1323"}],"wp:attachment":[{"href":"https:\/\/wip.perfectionist.ch\/fr\/wp-json\/wp\/v2\/media?parent=32145"}],"wp:term":[{"taxonomy":"product_cat","embeddable":true,"href":"https:\/\/wip.perfectionist.ch\/fr\/wp-json\/wp\/v2\/product_cat?post=32145"},{"taxonomy":"product_tag","embeddable":true,"href":"https:\/\/wip.perfectionist.ch\/fr\/wp-json\/wp\/v2\/product_tag?post=32145"}],"curies":[{"name":"wp","href":"https:\/\/api.w.org\/{rel}","templated":true}]}}