{"id":32160,"date":"2023-06-02T13:13:43","date_gmt":"2023-06-02T11:13:43","guid":{"rendered":"https:\/\/wip.perfectionist.ch\/product\/satsuma-snow-foam\/"},"modified":"2023-06-02T13:13:43","modified_gmt":"2023-06-02T11:13:43","slug":"satsuma-snow-foam","status":"publish","type":"product","link":"https:\/\/wip.perfectionist.ch\/fr\/produit\/satsuma-snow-foam\/","title":{"rendered":"Satsuma Snow Foam"},"content":{"rendered":"<div class=\"elementor-column elementor-col-50 elementor-top-column elementor-element elementor-element-4e4ba17\" data-id=\"4e4ba17\" data-element_type=\"column\">\n<div class=\"elementor-widget-wrap elementor-element-populated\">\n<div class=\"elementor-element elementor-element-d4dc7d0 elementor-widget elementor-widget-text-editor\" data-id=\"d4dc7d0\" data-element_type=\"widget\" data-widget_type=\"text-editor.default\">\n<div class=\"elementor-widget-container\">\n<p>Lorsqu\u2019il est utilis\u00e9 avec un canon \u00e0 mousse, la mousse produite persiste jusqu\u2019\u00e0 10 minutes et \u00e9limine une grande quantit\u00e9 de salet\u00e9 et de crasse en surface.<\/p>\n<ul>\n<li>pH plus faible, concentration plus \u00e9lev\u00e9e et pouvoir nettoyant sup\u00e9rieur \u00e0 celui des leaders du secteur.<\/li>\n<li>Non caustique<\/li>\n<li>Action nettoyante puissante et efficace<\/li>\n<li>Reste en place pendant 10 minutes ou plus<\/li>\n<li>Sans danger pour les rev\u00eatements c\u00e9ramiques<\/li>\n<li>Parfum d\u2019orange enivrant<\/li>\n<\/ul>\n<p>Niveaux de pH durant l\u2019application avec un canon \u00e0 mousse \u00e0 10 litres par minute:<\/p>\n<ul>\n<li>50ml\/950ml d\u2019eau \u2013 pH 9<\/li>\n<li>100ml\/900ml d\u2019eau \u2013 pH 9.5<\/li>\n<li>200ml\/800ml d\u2019eau \u2013 pH 10<\/li>\n<\/ul>\n<p>Les niveaux de pH lors d\u2019un m\u00e9lange dans un pulv\u00e9risateur pr\u00e9lavage:<\/p>\n<ul>\n<li>50ml\/950ml d\u2019eau \u2013 pH 11<\/li>\n<li>100ml\/900ml water \u2013 pH 11.1<\/li>\n<li>200ml\/800ml water \u2013 pH 11.5<\/li>\n<li>*Les niveaux de pH sugg\u00e9r\u00e9s sont approximatifs*<\/li>\n<\/ul>\n<div class=\"elementor-element elementor-element-ef7c4c1 elementor-widget elementor-widget-text-editor\" data-id=\"ef7c4c1\" data-element_type=\"widget\" data-widget_type=\"text-editor.default\">\n<div class=\"elementor-widget-container\">\n<p><strong>Mode d\u2019emploi:<\/strong><\/p>\n<ul>\n<li>Rincez d\u2019abord le v\u00e9hicule en utilisant une faible pression et un angle appropri\u00e9 pour \u00e9liminer les salet\u00e9s superficielles non adh\u00e9rentes.<\/li>\n<li>Ajoutez 100ml de Satsuma \u00e0 une bouteille de mousse de 1L et remplissez le reste avec de l\u2019eau chaude (800ml).<\/li>\n<li>Vaporisez une quantit\u00e9 g\u00e9n\u00e9reuse de mousse sur le v\u00e9hicule.<\/li>\n<li>Laissez agir pendant au moins 10 minutes pour une p\u00e9n\u00e9tration maximale.<\/li>\n<li>Rincez \u00e0 haute pression \u00e0 un angle et une distance appropri\u00e9e de la surface.<\/li>\n<li>Ne pas utiliser en plein soleil et rincer abondamment \u00e0 l\u2019eau.<\/li>\n<\/ul>\n<p><strong><a href=\"https:\/\/wip.perfectionist.ch\/wp-content\/uploads\/2023\/06\/10.-Satsuma-Snow-Foam-Carbon-Collective-21.11.22-R2.pdf\" target=\"_blank\" rel=\"noopener\">T\u00e9l\u00e9chargez la fiche de donn\u00e9es de s\u00e9curit\u00e9.<\/a><\/strong><\/p>\n<\/div>\n<\/div>\n<\/div>\n<\/div>\n<\/div>\n<\/div>\n","protected":false},"excerpt":{"rendered":"<p><strong>Satsuma Snow Foam<\/strong> est une mousse active hautement concentr\u00e9e, formul\u00e9e pour p\u00e9n\u00e9trer la salet\u00e9 et crasse tenaces pour une \u00e9limination facile et sans contact.<\/p>\n<p>La mousse riche et adh\u00e9rente \u00e9limine efficacement la salet\u00e9 et la crasse de la surface de la peinture, laissant une surface plus propre en vue d\u2019un lavage par contact sans hologrammes. La mousse produite est sans danger pour la protection et n\u2019interf\u00e8re pas avec les rev\u00eatements c\u00e9ramiques qui ont \u00e9t\u00e9 appliqu\u00e9s auparavant.<\/p>\n<p>Bien qu\u2019il soit plus fin que l\u2019Ultimus Snow Foam, le Satsuma est formul\u00e9 pour offrir un mouillage maximal. Les bulles \u00e9clatent pendant le temps d\u2019attente, ce qui agite la surface et encourage les tensioactif \u00e0 p\u00e9n\u00e9trer le film routier, la salet\u00e9 et la crasse.<\/p>\n<p><strong><u>Disponible en:<\/u><\/strong><\/p>\n<ul>\n<li><strong>2 Litres \u2013 30.00 CHF<\/strong><\/li>\n<li><strong>5 Litres \u2013 70.00 CHF<\/strong><\/li>\n<\/ul>\n","protected":false},"featured_media":800,"comment_status":"open","ping_status":"closed","template":"","meta":{"site-sidebar-layout":"default","site-content-layout":"default","ast-global-header-display":"","ast-banner-title-visibility":"","ast-main-header-display":"","ast-hfb-above-header-display":"","ast-hfb-below-header-display":"","ast-hfb-mobile-header-display":"","site-post-title":"","ast-breadcrumbs-content":"","ast-featured-img":"","footer-sml-layout":"","theme-transparent-header-meta":"default","adv-header-id-meta":"","stick-header-meta":"","header-above-stick-meta":"","header-main-stick-meta":"","header-below-stick-meta":""},"product_cat":[85,88],"product_tag":[87],"class_list":["post-32160","product","type-product","status-publish","has-post-thumbnail","hentry","product_cat-carbon-collective-fr","product_cat-shampooing","product_tag-carbon-collective-fr","desktop-align-left","tablet-align-center","mobile-align-left","ast-product-gallery-layout-horizontal-slider","ast-product-gallery-with-no-image","ast-product-tabs-layout-horizontal"],"_links":{"self":[{"href":"https:\/\/wip.perfectionist.ch\/fr\/wp-json\/wp\/v2\/product\/32160","targetHints":{"allow":["GET"]}}],"collection":[{"href":"https:\/\/wip.perfectionist.ch\/fr\/wp-json\/wp\/v2\/product"}],"about":[{"href":"https:\/\/wip.perfectionist.ch\/fr\/wp-json\/wp\/v2\/types\/product"}],"replies":[{"embeddable":true,"href":"https:\/\/wip.perfectionist.ch\/fr\/wp-json\/wp\/v2\/comments?post=32160"}],"wp:featuredmedia":[{"embeddable":true,"href":"https:\/\/wip.perfectionist.ch\/fr\/wp-json\/wp\/v2\/media\/800"}],"wp:attachment":[{"href":"https:\/\/wip.perfectionist.ch\/fr\/wp-json\/wp\/v2\/media?parent=32160"}],"wp:term":[{"taxonomy":"product_cat","embeddable":true,"href":"https:\/\/wip.perfectionist.ch\/fr\/wp-json\/wp\/v2\/product_cat?post=32160"},{"taxonomy":"product_tag","embeddable":true,"href":"https:\/\/wip.perfectionist.ch\/fr\/wp-json\/wp\/v2\/product_tag?post=32160"}],"curies":[{"name":"wp","href":"https:\/\/api.w.org\/{rel}","templated":true}]}}