{"id":32166,"date":"2023-06-02T13:08:43","date_gmt":"2023-06-02T11:08:43","guid":{"rendered":"https:\/\/wip.perfectionist.ch\/product\/citrus-cleanser\/"},"modified":"2023-06-02T13:08:43","modified_gmt":"2023-06-02T11:08:43","slug":"citrus-cleanser","status":"publish","type":"product","link":"https:\/\/wip.perfectionist.ch\/fr\/produit\/citrus-cleanser\/","title":{"rendered":"Citrus Cleanser"},"content":{"rendered":"","protected":false},"excerpt":{"rendered":"<p><strong>Citrus Cleanser<\/strong> est une formule puissante au <strong>pH \u00e9quilibr\u00e9<\/strong> qui \u00e9limine les insectes incrust\u00e9s, la graisse et la salet\u00e9, sans enlever les cires, les protections synth\u00e9tiques ou les rev\u00eatements c\u00e9ramiques.<\/p>\n<p>Sans danger pour presque toutes les finitions, Citrus Cleanser peut \u00eatre utilis\u00e9 comme nettoyant g\u00e9n\u00e9ral sur les tapis en caoutchouc, les porti\u00e8res, les arches, les doublures de coffre, les compartiments moteur, les roues et les pneus.<\/p>\n<p><strong>Mode d\u2019emploi:<\/strong><\/p>\n<ul>\n<li>Appliquer avant la mousse \u00e9paisse ou lavage a main.<\/li>\n<li>Vaporiser directement sur la surface.<\/li>\n<li>Laisser la formule agir.<\/li>\n<li>Les finitions tr\u00e8s sales peuvent \u00eatre agit\u00e9es avec une brosse \u00e0 poils doux.<\/li>\n<li>Rincer avec de grandes quantit\u00e9s d\u2019eau jusqu\u2019\u00e0 ce que l\u2019eau soit claire.<\/li>\n<li>Ne pas laisser le produit s\u00e9cher.<\/li>\n<\/ul>\n<p><strong><u>Disponible en:<\/u><u><\/u><\/strong><\/p>\n<ul>\n<li><strong>1 Litre \u2013 20.00 CHF<\/strong><\/li>\n<li><strong>2 Litres \u2013 35.00 CHF<\/strong><\/li>\n<li><strong>5 Litres \u2013 85.00 CHF<\/strong><\/li>\n<\/ul>\n","protected":false},"featured_media":845,"comment_status":"open","ping_status":"closed","template":"","meta":{"site-sidebar-layout":"default","site-content-layout":"default","ast-global-header-display":"","ast-banner-title-visibility":"","ast-main-header-display":"","ast-hfb-above-header-display":"","ast-hfb-below-header-display":"","ast-hfb-mobile-header-display":"","site-post-title":"","ast-breadcrumbs-content":"","ast-featured-img":"","footer-sml-layout":"","theme-transparent-header-meta":"default","adv-header-id-meta":"","stick-header-meta":"","header-above-stick-meta":"","header-main-stick-meta":"","header-below-stick-meta":""},"product_cat":[85,89],"product_tag":[87],"class_list":["post-32166","product","type-product","status-publish","has-post-thumbnail","hentry","product_cat-carbon-collective-fr","product_cat-pre-nettoyant-carbon-collective","product_tag-carbon-collective-fr","desktop-align-left","tablet-align-center","mobile-align-left","ast-product-gallery-layout-horizontal-slider","ast-product-tabs-layout-horizontal"],"_links":{"self":[{"href":"https:\/\/wip.perfectionist.ch\/fr\/wp-json\/wp\/v2\/product\/32166","targetHints":{"allow":["GET"]}}],"collection":[{"href":"https:\/\/wip.perfectionist.ch\/fr\/wp-json\/wp\/v2\/product"}],"about":[{"href":"https:\/\/wip.perfectionist.ch\/fr\/wp-json\/wp\/v2\/types\/product"}],"replies":[{"embeddable":true,"href":"https:\/\/wip.perfectionist.ch\/fr\/wp-json\/wp\/v2\/comments?post=32166"}],"wp:featuredmedia":[{"embeddable":true,"href":"https:\/\/wip.perfectionist.ch\/fr\/wp-json\/wp\/v2\/media\/845"}],"wp:attachment":[{"href":"https:\/\/wip.perfectionist.ch\/fr\/wp-json\/wp\/v2\/media?parent=32166"}],"wp:term":[{"taxonomy":"product_cat","embeddable":true,"href":"https:\/\/wip.perfectionist.ch\/fr\/wp-json\/wp\/v2\/product_cat?post=32166"},{"taxonomy":"product_tag","embeddable":true,"href":"https:\/\/wip.perfectionist.ch\/fr\/wp-json\/wp\/v2\/product_tag?post=32166"}],"curies":[{"name":"wp","href":"https:\/\/api.w.org\/{rel}","templated":true}]}}