{"id":32220,"date":"2023-06-02T13:54:54","date_gmt":"2023-06-02T11:54:54","guid":{"rendered":"https:\/\/wip.perfectionist.ch\/product\/sidewall-hugger\/"},"modified":"2023-06-02T13:54:54","modified_gmt":"2023-06-02T11:54:54","slug":"sidewall-hugger","status":"publish","type":"product","link":"https:\/\/wip.perfectionist.ch\/fr\/produit\/sidewall-hugger\/","title":{"rendered":"SIDEWALL HUGGER"},"content":{"rendered":"","protected":false},"excerpt":{"rendered":"<p>Un applicateur de lustrage pour pneus dont la forme \u00e9pouse les flancs du pneu, de sorte que vous appliquez toujours une finition parfaite, uniforme et \u00e0 chaque fois. Il s\u2019agit d\u2019une mousse durable, d\u00e9coup\u00e9e avec pr\u00e9cision et construite pour durer.<\/p>\n<p><strong>4.00 CHF<br \/>\n<\/strong><\/p>\n","protected":false},"featured_media":28962,"comment_status":"open","ping_status":"closed","template":"","meta":{"site-sidebar-layout":"default","site-content-layout":"default","ast-global-header-display":"","ast-banner-title-visibility":"","ast-main-header-display":"","ast-hfb-above-header-display":"","ast-hfb-below-header-display":"","ast-hfb-mobile-header-display":"","site-post-title":"","ast-breadcrumbs-content":"","ast-featured-img":"","footer-sml-layout":"","theme-transparent-header-meta":"default","adv-header-id-meta":"","stick-header-meta":"","header-above-stick-meta":"","header-main-stick-meta":"","header-below-stick-meta":""},"product_cat":[105,96],"product_tag":[124],"class_list":["post-32220","product","type-product","status-publish","has-post-thumbnail","hentry","product_cat-wheels-tires-kln-korea-fr","product_cat-kln-korea-fr","product_tag-kln-korea-fr","desktop-align-left","tablet-align-center","mobile-align-left","ast-product-gallery-layout-horizontal-slider","ast-product-gallery-with-no-image","ast-product-tabs-layout-horizontal"],"_links":{"self":[{"href":"https:\/\/wip.perfectionist.ch\/fr\/wp-json\/wp\/v2\/product\/32220","targetHints":{"allow":["GET"]}}],"collection":[{"href":"https:\/\/wip.perfectionist.ch\/fr\/wp-json\/wp\/v2\/product"}],"about":[{"href":"https:\/\/wip.perfectionist.ch\/fr\/wp-json\/wp\/v2\/types\/product"}],"replies":[{"embeddable":true,"href":"https:\/\/wip.perfectionist.ch\/fr\/wp-json\/wp\/v2\/comments?post=32220"}],"wp:featuredmedia":[{"embeddable":true,"href":"https:\/\/wip.perfectionist.ch\/fr\/wp-json\/wp\/v2\/media\/28962"}],"wp:attachment":[{"href":"https:\/\/wip.perfectionist.ch\/fr\/wp-json\/wp\/v2\/media?parent=32220"}],"wp:term":[{"taxonomy":"product_cat","embeddable":true,"href":"https:\/\/wip.perfectionist.ch\/fr\/wp-json\/wp\/v2\/product_cat?post=32220"},{"taxonomy":"product_tag","embeddable":true,"href":"https:\/\/wip.perfectionist.ch\/fr\/wp-json\/wp\/v2\/product_tag?post=32220"}],"curies":[{"name":"wp","href":"https:\/\/api.w.org\/{rel}","templated":true}]}}