{"id":32234,"date":"2023-06-02T13:43:10","date_gmt":"2023-06-02T11:43:10","guid":{"rendered":"https:\/\/wip.perfectionist.ch\/product\/zero-finish-hd-5-pack\/"},"modified":"2023-06-02T13:43:10","modified_gmt":"2023-06-02T11:43:10","slug":"zero-finish-hd-5-pack","status":"publish","type":"product","link":"https:\/\/wip.perfectionist.ch\/fr\/produit\/zero-finish-hd-5-pack\/","title":{"rendered":"ZERO FINISH HD \u2013 5 PACK"},"content":{"rendered":"","protected":false},"excerpt":{"rendered":"<p>La serviette ZERO FINISH fait exactement ce qu\u2019elle dit. Elle ne laisse rien derri\u00e8re elle lorsqu\u2019elle a fini d\u2019essuyer les compos\u00e9s, les polis, les c\u00e9ramiques et les cires. L\u2019\u00e9limination des produits avec cette serviette demande beaucoup moins d\u2019efforts. Avec une pression minimale, m\u00eame les produits \u00e0 base de solvant, les plus collants et les plus \u00e9pais n\u2019ont aucune chance.<\/p>\n<p>Vendu en paquet de 5 pour couvrir l\u2019ensemble de votre v\u00e9hicule de l\u2019avant \u00e0 l\u2019arri\u00e8re.<\/p>\n<p><strong>22.00 CHF<br \/>\n<\/strong><\/p>\n","protected":false},"featured_media":2963,"comment_status":"open","ping_status":"closed","template":"","meta":{"site-sidebar-layout":"default","site-content-layout":"default","ast-global-header-display":"","ast-banner-title-visibility":"","ast-main-header-display":"","ast-hfb-above-header-display":"","ast-hfb-below-header-display":"","ast-hfb-mobile-header-display":"","site-post-title":"","ast-breadcrumbs-content":"","ast-featured-img":"","footer-sml-layout":"","theme-transparent-header-meta":"default","adv-header-id-meta":"","stick-header-meta":"","header-above-stick-meta":"","header-main-stick-meta":"","header-below-stick-meta":""},"product_cat":[96,104],"product_tag":[124],"class_list":["post-32234","product","type-product","status-publish","has-post-thumbnail","hentry","product_cat-kln-korea-fr","product_cat-cleaning-polishing-fr","product_tag-kln-korea-fr","desktop-align-left","tablet-align-center","mobile-align-left","ast-product-gallery-layout-horizontal-slider","ast-product-tabs-layout-horizontal"],"_links":{"self":[{"href":"https:\/\/wip.perfectionist.ch\/fr\/wp-json\/wp\/v2\/product\/32234","targetHints":{"allow":["GET"]}}],"collection":[{"href":"https:\/\/wip.perfectionist.ch\/fr\/wp-json\/wp\/v2\/product"}],"about":[{"href":"https:\/\/wip.perfectionist.ch\/fr\/wp-json\/wp\/v2\/types\/product"}],"replies":[{"embeddable":true,"href":"https:\/\/wip.perfectionist.ch\/fr\/wp-json\/wp\/v2\/comments?post=32234"}],"wp:featuredmedia":[{"embeddable":true,"href":"https:\/\/wip.perfectionist.ch\/fr\/wp-json\/wp\/v2\/media\/2963"}],"wp:attachment":[{"href":"https:\/\/wip.perfectionist.ch\/fr\/wp-json\/wp\/v2\/media?parent=32234"}],"wp:term":[{"taxonomy":"product_cat","embeddable":true,"href":"https:\/\/wip.perfectionist.ch\/fr\/wp-json\/wp\/v2\/product_cat?post=32234"},{"taxonomy":"product_tag","embeddable":true,"href":"https:\/\/wip.perfectionist.ch\/fr\/wp-json\/wp\/v2\/product_tag?post=32234"}],"curies":[{"name":"wp","href":"https:\/\/api.w.org\/{rel}","templated":true}]}}