{"id":32235,"date":"2023-06-02T13:42:41","date_gmt":"2023-06-02T11:42:41","guid":{"rendered":"https:\/\/wip.perfectionist.ch\/product\/plush-hd\/"},"modified":"2023-06-02T13:42:41","modified_gmt":"2023-06-02T11:42:41","slug":"plush-hd","status":"publish","type":"product","link":"https:\/\/wip.perfectionist.ch\/fr\/produit\/plush-hd\/","title":{"rendered":"PLUSH+ HD"},"content":{"rendered":"","protected":false},"excerpt":{"rendered":"<p>La serviette KL!N Plush+ HD est une serviette de polissage de type peluche ultra douce. Dot\u00e9e de bords coup\u00e9s aux ultrasons sur 4 c\u00f4t\u00e9s et de mat\u00e9riaux de la plus haute qualit\u00e9 utilis\u00e9s pour sa construction, cette offre est l\u2019exposition ultime de l\u2019\u00e9tat actuel de la microfibre. <strong> <\/strong><\/p>\n<p><strong>6.50 CHF<br \/>\n<\/strong><\/p>\n","protected":false},"featured_media":2961,"comment_status":"open","ping_status":"closed","template":"","meta":{"site-sidebar-layout":"default","site-content-layout":"default","ast-global-header-display":"","ast-banner-title-visibility":"","ast-main-header-display":"","ast-hfb-above-header-display":"","ast-hfb-below-header-display":"","ast-hfb-mobile-header-display":"","site-post-title":"","ast-breadcrumbs-content":"","ast-featured-img":"","footer-sml-layout":"","theme-transparent-header-meta":"default","adv-header-id-meta":"","stick-header-meta":"","header-above-stick-meta":"","header-main-stick-meta":"","header-below-stick-meta":""},"product_cat":[99,96],"product_tag":[124],"class_list":["post-32235","product","type-product","status-publish","has-post-thumbnail","hentry","product_cat-finishing-fr","product_cat-kln-korea-fr","product_tag-kln-korea-fr","desktop-align-left","tablet-align-center","mobile-align-left","ast-product-gallery-layout-horizontal-slider","ast-product-tabs-layout-horizontal"],"_links":{"self":[{"href":"https:\/\/wip.perfectionist.ch\/fr\/wp-json\/wp\/v2\/product\/32235","targetHints":{"allow":["GET"]}}],"collection":[{"href":"https:\/\/wip.perfectionist.ch\/fr\/wp-json\/wp\/v2\/product"}],"about":[{"href":"https:\/\/wip.perfectionist.ch\/fr\/wp-json\/wp\/v2\/types\/product"}],"replies":[{"embeddable":true,"href":"https:\/\/wip.perfectionist.ch\/fr\/wp-json\/wp\/v2\/comments?post=32235"}],"wp:featuredmedia":[{"embeddable":true,"href":"https:\/\/wip.perfectionist.ch\/fr\/wp-json\/wp\/v2\/media\/2961"}],"wp:attachment":[{"href":"https:\/\/wip.perfectionist.ch\/fr\/wp-json\/wp\/v2\/media?parent=32235"}],"wp:term":[{"taxonomy":"product_cat","embeddable":true,"href":"https:\/\/wip.perfectionist.ch\/fr\/wp-json\/wp\/v2\/product_cat?post=32235"},{"taxonomy":"product_tag","embeddable":true,"href":"https:\/\/wip.perfectionist.ch\/fr\/wp-json\/wp\/v2\/product_tag?post=32235"}],"curies":[{"name":"wp","href":"https:\/\/api.w.org\/{rel}","templated":true}]}}