{"id":32292,"date":"2023-06-21T14:26:07","date_gmt":"2023-06-21T12:26:07","guid":{"rendered":"https:\/\/wip.perfectionist.ch\/product\/pressol-household\/"},"modified":"2023-08-30T14:07:14","modified_gmt":"2023-08-30T12:07:14","slug":"pressol-household","status":"publish","type":"product","link":"https:\/\/wip.perfectionist.ch\/fr\/produit\/pressol-household\/","title":{"rendered":"PRESSOL HOUSEHOLD"},"content":{"rendered":"","protected":false},"excerpt":{"rendered":"<p>Pressol est une soci\u00e9t\u00e9 tr\u00e8s obscure bas\u00e9e en Allemagne, qui n&rsquo;a pas \u00e9t\u00e9 con\u00e7ue \u00e0 l&rsquo;origine pour les applications d&rsquo;entretien automobile, mais qui fonctionne si bien ensemble. Pressol propose un flacon au design unique, compl\u00e9t\u00e9 par une fantastique g\u00e2chette \u00e0 double action de classe mondiale, qui vous permet de pulv\u00e9riser vos produits comme jamais auparavant. Nous aimons tellement ces flacons que nous avons m\u00eame cr\u00e9\u00e9 nos propres \u00e9tiquettes : \u00c9tiquettes Pressol.<\/p>\n<ul>\n<li>G\u00e2chette \u00e0 double action de classe mondiale.<\/li>\n<li>Parfait pour distribuer et m\u00e9langer des produits avec style.<\/li>\n<li>Mat\u00e9riau HDPE durable pour contenir toutes sortes de produits.<\/li>\n<\/ul>\n<p>Disponible en: <strong>750 ml &#8211; 20.00 CHF<\/strong><\/p>\n","protected":false},"featured_media":32030,"comment_status":"open","ping_status":"closed","template":"","meta":{"site-sidebar-layout":"default","site-content-layout":"default","ast-global-header-display":"","ast-banner-title-visibility":"","ast-main-header-display":"","ast-hfb-above-header-display":"","ast-hfb-below-header-display":"","ast-hfb-mobile-header-display":"","site-post-title":"","ast-breadcrumbs-content":"","ast-featured-img":"","footer-sml-layout":"","theme-transparent-header-meta":"default","adv-header-id-meta":"","stick-header-meta":"","header-above-stick-meta":"","header-main-stick-meta":"","header-below-stick-meta":""},"product_cat":[118,107],"product_tag":[125],"class_list":["post-32292","product","type-product","status-publish","has-post-thumbnail","hentry","product_cat-pressol-fr","product_cat-yum-cars-fr","product_tag-yum-cars-fr","desktop-align-left","tablet-align-center","mobile-align-left","ast-product-gallery-layout-horizontal-slider","ast-product-gallery-with-no-image","ast-product-tabs-layout-horizontal"],"_links":{"self":[{"href":"https:\/\/wip.perfectionist.ch\/fr\/wp-json\/wp\/v2\/product\/32292","targetHints":{"allow":["GET"]}}],"collection":[{"href":"https:\/\/wip.perfectionist.ch\/fr\/wp-json\/wp\/v2\/product"}],"about":[{"href":"https:\/\/wip.perfectionist.ch\/fr\/wp-json\/wp\/v2\/types\/product"}],"replies":[{"embeddable":true,"href":"https:\/\/wip.perfectionist.ch\/fr\/wp-json\/wp\/v2\/comments?post=32292"}],"wp:featuredmedia":[{"embeddable":true,"href":"https:\/\/wip.perfectionist.ch\/fr\/wp-json\/wp\/v2\/media\/32030"}],"wp:attachment":[{"href":"https:\/\/wip.perfectionist.ch\/fr\/wp-json\/wp\/v2\/media?parent=32292"}],"wp:term":[{"taxonomy":"product_cat","embeddable":true,"href":"https:\/\/wip.perfectionist.ch\/fr\/wp-json\/wp\/v2\/product_cat?post=32292"},{"taxonomy":"product_tag","embeddable":true,"href":"https:\/\/wip.perfectionist.ch\/fr\/wp-json\/wp\/v2\/product_tag?post=32292"}],"curies":[{"name":"wp","href":"https:\/\/api.w.org\/{rel}","templated":true}]}}