{"id":32313,"date":"2023-06-21T15:27:32","date_gmt":"2023-06-21T13:27:32","guid":{"rendered":"https:\/\/wip.perfectionist.ch\/product\/caliper-woolies\/"},"modified":"2023-08-30T14:30:07","modified_gmt":"2023-08-30T12:30:07","slug":"caliper-woolies","status":"publish","type":"product","link":"https:\/\/wip.perfectionist.ch\/fr\/produit\/caliper-woolies\/","title":{"rendered":"CALIPER WOOLIES"},"content":{"rendered":"","protected":false},"excerpt":{"rendered":"<p>Les Wheel Woolies avec une touche \u201ccoquine\u00a0\u00bb ! Atteignez les endroits qu&rsquo;aucune Woolie n&rsquo;a jamais atteints gr\u00e2ce \u00e0 nos brosses angulaires personnalis\u00e9es. Les Wheel Woolies d&rsquo;origine sont de loin le moyen le plus s\u00fbr et le plus efficace de nettoyer vos roues. Ces brosses ont \u00e9t\u00e9 sp\u00e9cialement con\u00e7ues pour atteindre et nettoyer les zones difficiles d&rsquo;acc\u00e8s o\u00f9 la salet\u00e9 s&rsquo;accumule, comme \u00e0 l&rsquo;arri\u00e8re des jantes en alliage.<\/p>\n<ul>\n<li>Fabriqu\u00e9es \u00e0 partir de fibres synth\u00e9tiques douces et denses.<\/li>\n<li>100% sans m\u00e9tal.<\/li>\n<li>Disponibles en 2 tailles diff\u00e9rentes.\n<ul>\n<li><strong>Small &#8211; 32.00 CHF<\/strong><\/li>\n<li><strong>Large &#8211; 35.00 CHF<\/strong><\/li>\n<\/ul>\n<\/li>\n<\/ul>\n","protected":false},"featured_media":32024,"comment_status":"open","ping_status":"closed","template":"","meta":{"site-sidebar-layout":"default","site-content-layout":"default","ast-global-header-display":"","ast-banner-title-visibility":"","ast-main-header-display":"","ast-hfb-above-header-display":"","ast-hfb-below-header-display":"","ast-hfb-mobile-header-display":"","site-post-title":"","ast-breadcrumbs-content":"","ast-featured-img":"","footer-sml-layout":"","theme-transparent-header-meta":"default","adv-header-id-meta":"","stick-header-meta":"","header-above-stick-meta":"","header-main-stick-meta":"","header-below-stick-meta":""},"product_cat":[108,107],"product_tag":[125],"class_list":["post-32313","product","type-product","status-publish","has-post-thumbnail","hentry","product_cat-accessories-yumcars-fr","product_cat-yum-cars-fr","product_tag-yum-cars-fr","desktop-align-left","tablet-align-center","mobile-align-left","ast-product-gallery-layout-horizontal-slider","ast-product-tabs-layout-horizontal"],"_links":{"self":[{"href":"https:\/\/wip.perfectionist.ch\/fr\/wp-json\/wp\/v2\/product\/32313","targetHints":{"allow":["GET"]}}],"collection":[{"href":"https:\/\/wip.perfectionist.ch\/fr\/wp-json\/wp\/v2\/product"}],"about":[{"href":"https:\/\/wip.perfectionist.ch\/fr\/wp-json\/wp\/v2\/types\/product"}],"replies":[{"embeddable":true,"href":"https:\/\/wip.perfectionist.ch\/fr\/wp-json\/wp\/v2\/comments?post=32313"}],"wp:featuredmedia":[{"embeddable":true,"href":"https:\/\/wip.perfectionist.ch\/fr\/wp-json\/wp\/v2\/media\/32024"}],"wp:attachment":[{"href":"https:\/\/wip.perfectionist.ch\/fr\/wp-json\/wp\/v2\/media?parent=32313"}],"wp:term":[{"taxonomy":"product_cat","embeddable":true,"href":"https:\/\/wip.perfectionist.ch\/fr\/wp-json\/wp\/v2\/product_cat?post=32313"},{"taxonomy":"product_tag","embeddable":true,"href":"https:\/\/wip.perfectionist.ch\/fr\/wp-json\/wp\/v2\/product_tag?post=32313"}],"curies":[{"name":"wp","href":"https:\/\/api.w.org\/{rel}","templated":true}]}}