{"id":32320,"date":"2023-06-21T15:49:01","date_gmt":"2023-06-21T13:49:01","guid":{"rendered":"https:\/\/wip.perfectionist.ch\/product\/detailing-bag\/"},"modified":"2023-08-30T14:36:57","modified_gmt":"2023-08-30T12:36:57","slug":"detailing-bag","status":"publish","type":"product","link":"https:\/\/wip.perfectionist.ch\/fr\/produit\/detailing-bag\/","title":{"rendered":"DETAILING BAG"},"content":{"rendered":"","protected":false},"excerpt":{"rendered":"<p>Les Detailing Bag sont un excellent moyen de ranger et d&rsquo;organiser vos produits et accessoires YumCars bien-aim\u00e9s. Nous avons donc d\u00e9velopp\u00e9 notre sac selon les normes les plus strictes et nous sommes s\u00fbrs que vous ne serez pas d\u00e9\u00e7us par notre qualit\u00e9 ! Notre sac \u00e9pais et imperm\u00e9able convient au rangement de nombreux produits, serviettes, brosses et accessoires. Il peut m\u00eame contenir et s\u00e9curiser une machine \u00e0 polir.<\/p>\n<ul>\n<li>Fabriqu\u00e9 dans un mat\u00e9riau \u00e9pais, solide et imperm\u00e9able.<\/li>\n<li>Parfait pour organiser les produits, les microfibres et les accessoires.<\/li>\n<li>Contient de nombreux compartiments de rangement \u00e0 l&rsquo;int\u00e9rieur et des poches \u00e0 l&rsquo;ext\u00e9rieur.<\/li>\n<\/ul>\n<p><strong>60.00 CHF<\/strong><\/p>\n","protected":false},"featured_media":32022,"comment_status":"open","ping_status":"closed","template":"","meta":{"site-sidebar-layout":"default","site-content-layout":"default","ast-global-header-display":"","ast-banner-title-visibility":"","ast-main-header-display":"","ast-hfb-above-header-display":"","ast-hfb-below-header-display":"","ast-hfb-mobile-header-display":"","site-post-title":"","ast-breadcrumbs-content":"","ast-featured-img":"","footer-sml-layout":"","theme-transparent-header-meta":"default","adv-header-id-meta":"","stick-header-meta":"","header-above-stick-meta":"","header-main-stick-meta":"","header-below-stick-meta":""},"product_cat":[108,107],"product_tag":[125],"class_list":["post-32320","product","type-product","status-publish","has-post-thumbnail","hentry","product_cat-accessories-yumcars-fr","product_cat-yum-cars-fr","product_tag-yum-cars-fr","desktop-align-left","tablet-align-center","mobile-align-left","ast-product-gallery-layout-horizontal-slider","ast-product-gallery-with-no-image","ast-product-tabs-layout-horizontal"],"_links":{"self":[{"href":"https:\/\/wip.perfectionist.ch\/fr\/wp-json\/wp\/v2\/product\/32320","targetHints":{"allow":["GET"]}}],"collection":[{"href":"https:\/\/wip.perfectionist.ch\/fr\/wp-json\/wp\/v2\/product"}],"about":[{"href":"https:\/\/wip.perfectionist.ch\/fr\/wp-json\/wp\/v2\/types\/product"}],"replies":[{"embeddable":true,"href":"https:\/\/wip.perfectionist.ch\/fr\/wp-json\/wp\/v2\/comments?post=32320"}],"wp:featuredmedia":[{"embeddable":true,"href":"https:\/\/wip.perfectionist.ch\/fr\/wp-json\/wp\/v2\/media\/32022"}],"wp:attachment":[{"href":"https:\/\/wip.perfectionist.ch\/fr\/wp-json\/wp\/v2\/media?parent=32320"}],"wp:term":[{"taxonomy":"product_cat","embeddable":true,"href":"https:\/\/wip.perfectionist.ch\/fr\/wp-json\/wp\/v2\/product_cat?post=32320"},{"taxonomy":"product_tag","embeddable":true,"href":"https:\/\/wip.perfectionist.ch\/fr\/wp-json\/wp\/v2\/product_tag?post=32320"}],"curies":[{"name":"wp","href":"https:\/\/api.w.org\/{rel}","templated":true}]}}