{"id":32329,"date":"2023-06-20T13:48:57","date_gmt":"2023-06-20T11:48:57","guid":{"rendered":"https:\/\/wip.perfectionist.ch\/product\/brosse-dentretien-ultra-douce-trigrip\/"},"modified":"2023-08-30T14:48:03","modified_gmt":"2023-08-30T12:48:03","slug":"ultra-soft-detailing-brush-trigrip","status":"publish","type":"product","link":"https:\/\/wip.perfectionist.ch\/fr\/produit\/ultra-soft-detailing-brush-trigrip\/","title":{"rendered":"BROSSE D\u2019ENTRETIEN ULTRA-DOUCE \u00ab TRIGRIP \u00bb"},"content":{"rendered":"","protected":false},"excerpt":{"rendered":"<p>Cette brosse ultra-douce de Detail Factory a \u00e9t\u00e9 con\u00e7ue avec un manche triangulaire caoutchout\u00e9, appel\u00e9 TriGrip, pour vous donner plus de confort lors de l&rsquo;utilisation. Elles peuvent \u00eatre utilis\u00e9es en toute s\u00e9curit\u00e9 \u00e0 l&rsquo;int\u00e9rieur et \u00e0 l&rsquo;ext\u00e9rieur de votre v\u00e9hicule, m\u00eame sur les surfaces les plus d\u00e9licates. Ces brosses sont la meilleure solution pour vos besoins de nettoyage complexes car elles combinent un excellent pouvoir d&rsquo;agitation et des poils tr\u00e8s doux.<\/p>\n<ul>\n<li>Poign\u00e9e en caoutchouc pour une meilleure prise en main.<\/li>\n<li>Utilisation s\u00fbre \u00e0 l&rsquo;int\u00e9rieur et \u00e0 l&rsquo;ext\u00e9rieur.<\/li>\n<li>Fabriqu\u00e9es \u00e0 partir de mat\u00e9riaux r\u00e9sistants aux produits chimiques.<\/li>\n<\/ul>\n<p><strong>25 CHF<\/strong><\/p>\n","protected":false},"featured_media":32041,"comment_status":"open","ping_status":"closed","template":"","meta":{"site-sidebar-layout":"default","site-content-layout":"default","ast-global-header-display":"","ast-banner-title-visibility":"","ast-main-header-display":"","ast-hfb-above-header-display":"","ast-hfb-below-header-display":"","ast-hfb-mobile-header-display":"","site-post-title":"","ast-breadcrumbs-content":"","ast-featured-img":"","footer-sml-layout":"","theme-transparent-header-meta":"default","adv-header-id-meta":"","stick-header-meta":"","header-above-stick-meta":"","header-main-stick-meta":"","header-below-stick-meta":""},"product_cat":[108,107],"product_tag":[125],"class_list":["post-32329","product","type-product","status-publish","has-post-thumbnail","hentry","product_cat-accessories-yumcars-fr","product_cat-yum-cars-fr","product_tag-yum-cars-fr","desktop-align-left","tablet-align-center","mobile-align-left","ast-product-gallery-layout-horizontal-slider","ast-product-gallery-with-no-image","ast-product-tabs-layout-horizontal"],"_links":{"self":[{"href":"https:\/\/wip.perfectionist.ch\/fr\/wp-json\/wp\/v2\/product\/32329","targetHints":{"allow":["GET"]}}],"collection":[{"href":"https:\/\/wip.perfectionist.ch\/fr\/wp-json\/wp\/v2\/product"}],"about":[{"href":"https:\/\/wip.perfectionist.ch\/fr\/wp-json\/wp\/v2\/types\/product"}],"replies":[{"embeddable":true,"href":"https:\/\/wip.perfectionist.ch\/fr\/wp-json\/wp\/v2\/comments?post=32329"}],"wp:featuredmedia":[{"embeddable":true,"href":"https:\/\/wip.perfectionist.ch\/fr\/wp-json\/wp\/v2\/media\/32041"}],"wp:attachment":[{"href":"https:\/\/wip.perfectionist.ch\/fr\/wp-json\/wp\/v2\/media?parent=32329"}],"wp:term":[{"taxonomy":"product_cat","embeddable":true,"href":"https:\/\/wip.perfectionist.ch\/fr\/wp-json\/wp\/v2\/product_cat?post=32329"},{"taxonomy":"product_tag","embeddable":true,"href":"https:\/\/wip.perfectionist.ch\/fr\/wp-json\/wp\/v2\/product_tag?post=32329"}],"curies":[{"name":"wp","href":"https:\/\/api.w.org\/{rel}","templated":true}]}}