{"id":32332,"date":"2023-06-22T13:07:29","date_gmt":"2023-06-22T11:07:29","guid":{"rendered":"https:\/\/wip.perfectionist.ch\/product\/drying-aid-towel\/"},"modified":"2023-08-30T14:51:18","modified_gmt":"2023-08-30T12:51:18","slug":"drying-aid-towel","status":"publish","type":"product","link":"https:\/\/wip.perfectionist.ch\/fr\/produit\/drying-aid-towel\/","title":{"rendered":"DRYING AID TOWEL"},"content":{"rendered":"","protected":false},"excerpt":{"rendered":"<p>C&rsquo;est ce que nous consid\u00e9rons comme la serviette parfaite pour l&rsquo;application du produit Drying Aid. Elle est l\u00e9g\u00e8re et poss\u00e8de le GSM, le poil et le type de fibre parfaits pour l&rsquo;application d&rsquo;un produit d&rsquo;aide au s\u00e9chage tel que Yum Detailer. Cette serviette laissera la surface finale lisse et brillante sans laisser de traces, ce qui est souvent le cas lorsque l&rsquo;on n&rsquo;a pas suivi la bonne proc\u00e9dure.<\/p>\n<ul>\n<li>Taille : 28 cm x 38 cm.<\/li>\n<li>530gsm<\/li>\n<li>Une deuxi\u00e8me serviette d&rsquo;aide au s\u00e9chage est indispensable pour une meilleure exp\u00e9rience.<\/li>\n<\/ul>\n<p><strong>12.00 CHF<\/strong><\/p>\n","protected":false},"featured_media":32019,"comment_status":"open","ping_status":"closed","template":"","meta":{"site-sidebar-layout":"default","site-content-layout":"default","ast-global-header-display":"","ast-banner-title-visibility":"","ast-main-header-display":"","ast-hfb-above-header-display":"","ast-hfb-below-header-display":"","ast-hfb-mobile-header-display":"","site-post-title":"","ast-breadcrumbs-content":"","ast-featured-img":"","footer-sml-layout":"","theme-transparent-header-meta":"default","adv-header-id-meta":"","stick-header-meta":"","header-above-stick-meta":"","header-main-stick-meta":"","header-below-stick-meta":""},"product_cat":[116,107],"product_tag":[125],"class_list":["post-32332","product","type-product","status-publish","has-post-thumbnail","hentry","product_cat-microfiber-fr","product_cat-yum-cars-fr","product_tag-yum-cars-fr","desktop-align-left","tablet-align-center","mobile-align-left","ast-product-gallery-layout-horizontal-slider","ast-product-gallery-with-no-image","ast-product-tabs-layout-horizontal"],"_links":{"self":[{"href":"https:\/\/wip.perfectionist.ch\/fr\/wp-json\/wp\/v2\/product\/32332","targetHints":{"allow":["GET"]}}],"collection":[{"href":"https:\/\/wip.perfectionist.ch\/fr\/wp-json\/wp\/v2\/product"}],"about":[{"href":"https:\/\/wip.perfectionist.ch\/fr\/wp-json\/wp\/v2\/types\/product"}],"replies":[{"embeddable":true,"href":"https:\/\/wip.perfectionist.ch\/fr\/wp-json\/wp\/v2\/comments?post=32332"}],"wp:featuredmedia":[{"embeddable":true,"href":"https:\/\/wip.perfectionist.ch\/fr\/wp-json\/wp\/v2\/media\/32019"}],"wp:attachment":[{"href":"https:\/\/wip.perfectionist.ch\/fr\/wp-json\/wp\/v2\/media?parent=32332"}],"wp:term":[{"taxonomy":"product_cat","embeddable":true,"href":"https:\/\/wip.perfectionist.ch\/fr\/wp-json\/wp\/v2\/product_cat?post=32332"},{"taxonomy":"product_tag","embeddable":true,"href":"https:\/\/wip.perfectionist.ch\/fr\/wp-json\/wp\/v2\/product_tag?post=32332"}],"curies":[{"name":"wp","href":"https:\/\/api.w.org\/{rel}","templated":true}]}}