{"id":32335,"date":"2023-06-22T14:24:07","date_gmt":"2023-06-22T12:24:07","guid":{"rendered":"https:\/\/wip.perfectionist.ch\/product\/paint-towel\/"},"modified":"2023-08-30T14:53:56","modified_gmt":"2023-08-30T12:53:56","slug":"paint-towel","status":"publish","type":"product","link":"https:\/\/wip.perfectionist.ch\/fr\/produit\/paint-towel\/","title":{"rendered":"PAINT TOWEL"},"content":{"rendered":"","protected":false},"excerpt":{"rendered":"<p>C&rsquo;est ce que nous consid\u00e9rons comme la serviette s\u00fbre et parfaite pour l&rsquo;enl\u00e8vement de la p\u00e2te \u00e0 polir et du polish. Cette serviette a une construction \u00e0 poils courts qui tranche efficacement le produit collant extr\u00eamement bien laisser derri\u00e8re la peinture parfaite. Il est \u00e9galement parfait pour l&rsquo;enl\u00e8vement de notre scellant pour verre, Glass\u271a.<\/p>\n<ul>\n<li>Taille : 40cm x 40cm.<\/li>\n<li>330gsm.<\/li>\n<li>Peut \u00eatre utilis\u00e9 sur tous les types de produits, des sprays de d\u00e9tail aux compos\u00e9s de coupe les plus durs.<\/li>\n<\/ul>\n<p><strong>7.00 CHF<\/strong><\/p>\n","protected":false},"featured_media":32017,"comment_status":"open","ping_status":"closed","template":"","meta":{"site-sidebar-layout":"default","site-content-layout":"default","ast-global-header-display":"","ast-banner-title-visibility":"","ast-main-header-display":"","ast-hfb-above-header-display":"","ast-hfb-below-header-display":"","ast-hfb-mobile-header-display":"","site-post-title":"","ast-breadcrumbs-content":"","ast-featured-img":"","footer-sml-layout":"","theme-transparent-header-meta":"default","adv-header-id-meta":"","stick-header-meta":"","header-above-stick-meta":"","header-main-stick-meta":"","header-below-stick-meta":""},"product_cat":[116,107],"product_tag":[125],"class_list":["post-32335","product","type-product","status-publish","has-post-thumbnail","hentry","product_cat-microfiber-fr","product_cat-yum-cars-fr","product_tag-yum-cars-fr","desktop-align-left","tablet-align-center","mobile-align-left","ast-product-gallery-layout-horizontal-slider","ast-product-gallery-with-no-image","ast-product-tabs-layout-horizontal"],"_links":{"self":[{"href":"https:\/\/wip.perfectionist.ch\/fr\/wp-json\/wp\/v2\/product\/32335","targetHints":{"allow":["GET"]}}],"collection":[{"href":"https:\/\/wip.perfectionist.ch\/fr\/wp-json\/wp\/v2\/product"}],"about":[{"href":"https:\/\/wip.perfectionist.ch\/fr\/wp-json\/wp\/v2\/types\/product"}],"replies":[{"embeddable":true,"href":"https:\/\/wip.perfectionist.ch\/fr\/wp-json\/wp\/v2\/comments?post=32335"}],"wp:featuredmedia":[{"embeddable":true,"href":"https:\/\/wip.perfectionist.ch\/fr\/wp-json\/wp\/v2\/media\/32017"}],"wp:attachment":[{"href":"https:\/\/wip.perfectionist.ch\/fr\/wp-json\/wp\/v2\/media?parent=32335"}],"wp:term":[{"taxonomy":"product_cat","embeddable":true,"href":"https:\/\/wip.perfectionist.ch\/fr\/wp-json\/wp\/v2\/product_cat?post=32335"},{"taxonomy":"product_tag","embeddable":true,"href":"https:\/\/wip.perfectionist.ch\/fr\/wp-json\/wp\/v2\/product_tag?post=32335"}],"curies":[{"name":"wp","href":"https:\/\/api.w.org\/{rel}","templated":true}]}}