{"id":32338,"date":"2023-06-22T14:33:38","date_gmt":"2023-06-22T12:33:38","guid":{"rendered":"https:\/\/wip.perfectionist.ch\/product\/wax-sealant-towel\/"},"modified":"2023-08-30T14:56:22","modified_gmt":"2023-08-30T12:56:22","slug":"wax-sealant-towel","status":"publish","type":"product","link":"https:\/\/wip.perfectionist.ch\/fr\/produit\/wax-sealant-towel\/","title":{"rendered":"WAX &amp; SEALANT TOWEL"},"content":{"rendered":"","protected":false},"excerpt":{"rendered":"<p>Cette serviette \u00e0 double face poss\u00e8de certaines des fibres les plus longues que vous verrez d&rsquo;un c\u00f4t\u00e9, ce qui est parfait pour les cires plus faciles \u00e0 enlever. L&rsquo;autre face est un tissage plus serr\u00e9 \u00e0 poils courts, pour s&rsquo;attaquer aux produits d&rsquo;\u00e9tanch\u00e9it\u00e9 et aux cires plus difficiles \u00e0 enlever. L&rsquo;objectif d&rsquo;une serviette \u00e0 double face est de vous donner le maximum d&rsquo;efficacit\u00e9 avec une seule serviette, de sorte que vous pouvez potentiellement l&rsquo;utiliser pour tous les types de produits sur la peinture sans avoir \u00e0 vous soucier d&rsquo;avoir plusieurs serviettes pour plusieurs produits.<\/p>\n<ul>\n<li>Dimensions 40cm x 40cm.<\/li>\n<li>450gsm.<\/li>\n<li>Peut \u00eatre utilis\u00e9 en toute s\u00e9curit\u00e9 sur les peintures souples et dures.<\/li>\n<\/ul>\n<p><strong>8.00 CHF<\/strong><\/p>\n","protected":false},"featured_media":32016,"comment_status":"open","ping_status":"closed","template":"","meta":{"site-sidebar-layout":"default","site-content-layout":"default","ast-global-header-display":"","ast-banner-title-visibility":"","ast-main-header-display":"","ast-hfb-above-header-display":"","ast-hfb-below-header-display":"","ast-hfb-mobile-header-display":"","site-post-title":"","ast-breadcrumbs-content":"","ast-featured-img":"","footer-sml-layout":"","theme-transparent-header-meta":"default","adv-header-id-meta":"","stick-header-meta":"","header-above-stick-meta":"","header-main-stick-meta":"","header-below-stick-meta":""},"product_cat":[116,107],"product_tag":[125],"class_list":["post-32338","product","type-product","status-publish","has-post-thumbnail","hentry","product_cat-microfiber-fr","product_cat-yum-cars-fr","product_tag-yum-cars-fr","desktop-align-left","tablet-align-center","mobile-align-left","ast-product-gallery-layout-horizontal-slider","ast-product-gallery-with-no-image","ast-product-tabs-layout-horizontal"],"_links":{"self":[{"href":"https:\/\/wip.perfectionist.ch\/fr\/wp-json\/wp\/v2\/product\/32338","targetHints":{"allow":["GET"]}}],"collection":[{"href":"https:\/\/wip.perfectionist.ch\/fr\/wp-json\/wp\/v2\/product"}],"about":[{"href":"https:\/\/wip.perfectionist.ch\/fr\/wp-json\/wp\/v2\/types\/product"}],"replies":[{"embeddable":true,"href":"https:\/\/wip.perfectionist.ch\/fr\/wp-json\/wp\/v2\/comments?post=32338"}],"wp:featuredmedia":[{"embeddable":true,"href":"https:\/\/wip.perfectionist.ch\/fr\/wp-json\/wp\/v2\/media\/32016"}],"wp:attachment":[{"href":"https:\/\/wip.perfectionist.ch\/fr\/wp-json\/wp\/v2\/media?parent=32338"}],"wp:term":[{"taxonomy":"product_cat","embeddable":true,"href":"https:\/\/wip.perfectionist.ch\/fr\/wp-json\/wp\/v2\/product_cat?post=32338"},{"taxonomy":"product_tag","embeddable":true,"href":"https:\/\/wip.perfectionist.ch\/fr\/wp-json\/wp\/v2\/product_tag?post=32338"}],"curies":[{"name":"wp","href":"https:\/\/api.w.org\/{rel}","templated":true}]}}