{"id":32339,"date":"2023-06-22T14:40:38","date_gmt":"2023-06-22T12:40:38","guid":{"rendered":"https:\/\/wip.perfectionist.ch\/product\/final-wipe-towel\/"},"modified":"2023-08-30T14:58:52","modified_gmt":"2023-08-30T12:58:52","slug":"final-wipe-towel","status":"publish","type":"product","link":"https:\/\/wip.perfectionist.ch\/fr\/produit\/final-wipe-towel\/","title":{"rendered":"FINAL WIPE TOWEL"},"content":{"rendered":"","protected":false},"excerpt":{"rendered":"<p>Pour l&rsquo;essuyage final, nous vous pr\u00e9sentons le tissu microfibre le plus haut de gamme. Cette serviette a \u00e9t\u00e9 con\u00e7ue pour \u00eatre utilis\u00e9e en dernier lieu comme serviette de polissage final afin d&rsquo;\u00e9liminer tout r\u00e9sidu ou produit potentiellement oubli\u00e9, tout en fonctionnant tr\u00e8s bien avec Yum Detailer, pour apporter la touche finale et l&rsquo;essuyage parfaits. La structure en peluche a \u00e9t\u00e9 con\u00e7ue pour l&rsquo;application \u00e0 sec de produits d&rsquo;\u00e9tanch\u00e9it\u00e9 protecteurs.<\/p>\n<ul>\n<li>Taille: 40cm x 40cm.<\/li>\n<li>480gsm.<\/li>\n<li>Construction ultra pelucheuse sans bords.<\/li>\n<\/ul>\n<p><strong>8.00 CHF<\/strong><\/p>\n","protected":false},"featured_media":32015,"comment_status":"open","ping_status":"closed","template":"","meta":{"site-sidebar-layout":"default","site-content-layout":"default","ast-global-header-display":"","ast-banner-title-visibility":"","ast-main-header-display":"","ast-hfb-above-header-display":"","ast-hfb-below-header-display":"","ast-hfb-mobile-header-display":"","site-post-title":"","ast-breadcrumbs-content":"","ast-featured-img":"","footer-sml-layout":"","theme-transparent-header-meta":"default","adv-header-id-meta":"","stick-header-meta":"","header-above-stick-meta":"","header-main-stick-meta":"","header-below-stick-meta":""},"product_cat":[116,107],"product_tag":[125],"class_list":["post-32339","product","type-product","status-publish","has-post-thumbnail","hentry","product_cat-microfiber-fr","product_cat-yum-cars-fr","product_tag-yum-cars-fr","desktop-align-left","tablet-align-center","mobile-align-left","ast-product-gallery-layout-horizontal-slider","ast-product-gallery-with-no-image","ast-product-tabs-layout-horizontal"],"_links":{"self":[{"href":"https:\/\/wip.perfectionist.ch\/fr\/wp-json\/wp\/v2\/product\/32339","targetHints":{"allow":["GET"]}}],"collection":[{"href":"https:\/\/wip.perfectionist.ch\/fr\/wp-json\/wp\/v2\/product"}],"about":[{"href":"https:\/\/wip.perfectionist.ch\/fr\/wp-json\/wp\/v2\/types\/product"}],"replies":[{"embeddable":true,"href":"https:\/\/wip.perfectionist.ch\/fr\/wp-json\/wp\/v2\/comments?post=32339"}],"wp:featuredmedia":[{"embeddable":true,"href":"https:\/\/wip.perfectionist.ch\/fr\/wp-json\/wp\/v2\/media\/32015"}],"wp:attachment":[{"href":"https:\/\/wip.perfectionist.ch\/fr\/wp-json\/wp\/v2\/media?parent=32339"}],"wp:term":[{"taxonomy":"product_cat","embeddable":true,"href":"https:\/\/wip.perfectionist.ch\/fr\/wp-json\/wp\/v2\/product_cat?post=32339"},{"taxonomy":"product_tag","embeddable":true,"href":"https:\/\/wip.perfectionist.ch\/fr\/wp-json\/wp\/v2\/product_tag?post=32339"}],"curies":[{"name":"wp","href":"https:\/\/api.w.org\/{rel}","templated":true}]}}