{"id":32342,"date":"2023-06-22T14:47:11","date_gmt":"2023-06-22T12:47:11","guid":{"rendered":"https:\/\/wip.perfectionist.ch\/product\/drying-towel\/"},"modified":"2023-08-30T15:02:46","modified_gmt":"2023-08-30T13:02:46","slug":"drying-towel","status":"publish","type":"product","link":"https:\/\/wip.perfectionist.ch\/fr\/produit\/drying-towel\/","title":{"rendered":"DRYING TOWEL"},"content":{"rendered":"","protected":false},"excerpt":{"rendered":"<p>La technologie de la boucle torsad\u00e9e est la meilleure solution pour garantir une absorption maximale de l&rsquo;eau stagnante apr\u00e8s le dernier rin\u00e7age. Notre serviette fabriqu\u00e9e en Cor\u00e9e a un niveau de qualit\u00e9 et de long\u00e9vit\u00e9 diff\u00e9rent que vous ne trouverez pas dans les alternatives moins ch\u00e8res. Cette serviette vous garantit \u00e0 100 % une meilleure absorption sur une p\u00e9riode plus longue.<\/p>\n<ul>\n<li>Taille: 70cm x 90cm.<\/li>\n<li>530 gsm.<\/li>\n<li>Plus que capable de s\u00e9cher plus de 2 v\u00e9hicules \u00e0 la fois.<\/li>\n<\/ul>\n<p><strong>35.00 CHF<\/strong><\/p>\n","protected":false},"featured_media":32014,"comment_status":"open","ping_status":"closed","template":"","meta":{"site-sidebar-layout":"default","site-content-layout":"default","ast-global-header-display":"","ast-banner-title-visibility":"","ast-main-header-display":"","ast-hfb-above-header-display":"","ast-hfb-below-header-display":"","ast-hfb-mobile-header-display":"","site-post-title":"","ast-breadcrumbs-content":"","ast-featured-img":"","footer-sml-layout":"","theme-transparent-header-meta":"default","adv-header-id-meta":"","stick-header-meta":"","header-above-stick-meta":"","header-main-stick-meta":"","header-below-stick-meta":""},"product_cat":[116,107],"product_tag":[125],"class_list":["post-32342","product","type-product","status-publish","has-post-thumbnail","hentry","product_cat-microfiber-fr","product_cat-yum-cars-fr","product_tag-yum-cars-fr","desktop-align-left","tablet-align-center","mobile-align-left","ast-product-gallery-layout-horizontal-slider","ast-product-gallery-with-no-image","ast-product-tabs-layout-horizontal"],"_links":{"self":[{"href":"https:\/\/wip.perfectionist.ch\/fr\/wp-json\/wp\/v2\/product\/32342","targetHints":{"allow":["GET"]}}],"collection":[{"href":"https:\/\/wip.perfectionist.ch\/fr\/wp-json\/wp\/v2\/product"}],"about":[{"href":"https:\/\/wip.perfectionist.ch\/fr\/wp-json\/wp\/v2\/types\/product"}],"replies":[{"embeddable":true,"href":"https:\/\/wip.perfectionist.ch\/fr\/wp-json\/wp\/v2\/comments?post=32342"}],"wp:featuredmedia":[{"embeddable":true,"href":"https:\/\/wip.perfectionist.ch\/fr\/wp-json\/wp\/v2\/media\/32014"}],"wp:attachment":[{"href":"https:\/\/wip.perfectionist.ch\/fr\/wp-json\/wp\/v2\/media?parent=32342"}],"wp:term":[{"taxonomy":"product_cat","embeddable":true,"href":"https:\/\/wip.perfectionist.ch\/fr\/wp-json\/wp\/v2\/product_cat?post=32342"},{"taxonomy":"product_tag","embeddable":true,"href":"https:\/\/wip.perfectionist.ch\/fr\/wp-json\/wp\/v2\/product_tag?post=32342"}],"curies":[{"name":"wp","href":"https:\/\/api.w.org\/{rel}","templated":true}]}}