{"id":32345,"date":"2023-06-22T14:56:22","date_gmt":"2023-06-22T12:56:22","guid":{"rendered":"https:\/\/wip.perfectionist.ch\/product\/wheel-tyre-towel\/"},"modified":"2023-08-30T15:05:06","modified_gmt":"2023-08-30T13:05:06","slug":"wheel-tyre-towel","status":"publish","type":"product","link":"https:\/\/wip.perfectionist.ch\/fr\/produit\/wheel-tyre-towel\/","title":{"rendered":"WHEEL &amp; TYRE TOWEL"},"content":{"rendered":"","protected":false},"excerpt":{"rendered":"<p>La construction en boucle des fibres permet \u00e0 cette serviette d&rsquo;absorber efficacement l&rsquo;eau au taux le plus \u00e9lev\u00e9 possible, laissant les zones souvent n\u00e9glig\u00e9es aussi s\u00e8ches et impeccables que le reste de la voiture. Une seule de ces serviettes suffira amplement pour s\u00e9cher compl\u00e8tement les roues, les pneus et les montants des porti\u00e8res. Toutefois, si ces zones ne sont pas prot\u00e9g\u00e9es et retiennent beaucoup d&rsquo;eau, nous recommandons d&rsquo;utiliser deux serviettes pour terminer le travail efficacement.<\/p>\n<ul>\n<li>Dimensions 20cm x 38cm.<\/li>\n<li>530gsm.<\/li>\n<li>Nous consacrons ces serviettes au s\u00e9chage des montants de porte, des compartiments moteurs, des roues et des pneus.<\/li>\n<\/ul>\n<p><strong>10.00 CHF<\/strong><\/p>\n","protected":false},"featured_media":32013,"comment_status":"open","ping_status":"closed","template":"","meta":{"site-sidebar-layout":"default","site-content-layout":"default","ast-global-header-display":"","ast-banner-title-visibility":"","ast-main-header-display":"","ast-hfb-above-header-display":"","ast-hfb-below-header-display":"","ast-hfb-mobile-header-display":"","site-post-title":"","ast-breadcrumbs-content":"","ast-featured-img":"","footer-sml-layout":"","theme-transparent-header-meta":"default","adv-header-id-meta":"","stick-header-meta":"","header-above-stick-meta":"","header-main-stick-meta":"","header-below-stick-meta":""},"product_cat":[116,107],"product_tag":[125],"class_list":["post-32345","product","type-product","status-publish","has-post-thumbnail","hentry","product_cat-microfiber-fr","product_cat-yum-cars-fr","product_tag-yum-cars-fr","desktop-align-left","tablet-align-center","mobile-align-left","ast-product-gallery-layout-horizontal-slider","ast-product-gallery-with-no-image","ast-product-tabs-layout-horizontal"],"_links":{"self":[{"href":"https:\/\/wip.perfectionist.ch\/fr\/wp-json\/wp\/v2\/product\/32345","targetHints":{"allow":["GET"]}}],"collection":[{"href":"https:\/\/wip.perfectionist.ch\/fr\/wp-json\/wp\/v2\/product"}],"about":[{"href":"https:\/\/wip.perfectionist.ch\/fr\/wp-json\/wp\/v2\/types\/product"}],"replies":[{"embeddable":true,"href":"https:\/\/wip.perfectionist.ch\/fr\/wp-json\/wp\/v2\/comments?post=32345"}],"wp:featuredmedia":[{"embeddable":true,"href":"https:\/\/wip.perfectionist.ch\/fr\/wp-json\/wp\/v2\/media\/32013"}],"wp:attachment":[{"href":"https:\/\/wip.perfectionist.ch\/fr\/wp-json\/wp\/v2\/media?parent=32345"}],"wp:term":[{"taxonomy":"product_cat","embeddable":true,"href":"https:\/\/wip.perfectionist.ch\/fr\/wp-json\/wp\/v2\/product_cat?post=32345"},{"taxonomy":"product_tag","embeddable":true,"href":"https:\/\/wip.perfectionist.ch\/fr\/wp-json\/wp\/v2\/product_tag?post=32345"}],"curies":[{"name":"wp","href":"https:\/\/api.w.org\/{rel}","templated":true}]}}