{"id":32353,"date":"2023-06-22T15:10:11","date_gmt":"2023-06-22T13:10:11","guid":{"rendered":"https:\/\/wip.perfectionist.ch\/product\/interior-towel\/"},"modified":"2023-08-30T15:12:35","modified_gmt":"2023-08-30T13:12:35","slug":"interior-towel","status":"publish","type":"product","link":"https:\/\/wip.perfectionist.ch\/fr\/produit\/interior-towel\/","title":{"rendered":"INTERIOR TOWEL"},"content":{"rendered":"","protected":false},"excerpt":{"rendered":"<p>Cette serviette int\u00e9rieure d\u00e9licate est parfaite pour toutes les t\u00e2ches int\u00e9rieures telles que le nettoyage des vitres, des r\u00e9troviseurs, du cuir, des plastiques, de l&rsquo;alcantara et des tissus. Les surfaces int\u00e9rieures et le verre ont besoin d&rsquo;une microfibre \u00e0 poils courts pour enlever rapidement le produit sans laisser de particules. Cette serviette au tissage serr\u00e9 r\u00e9pond exactement \u00e0 ce besoin.<\/p>\n<ul>\n<li>Taille: 40cm x 40cm.<\/li>\n<li>330gsm.<\/li>\n<li>Les fibres courtes sont douces et absorbantes et ramassent la salet\u00e9 facilement et efficacement.<\/li>\n<\/ul>\n<p><strong>7.00 CHF<\/strong><\/p>\n","protected":false},"featured_media":32011,"comment_status":"open","ping_status":"closed","template":"","meta":{"site-sidebar-layout":"default","site-content-layout":"default","ast-global-header-display":"","ast-banner-title-visibility":"","ast-main-header-display":"","ast-hfb-above-header-display":"","ast-hfb-below-header-display":"","ast-hfb-mobile-header-display":"","site-post-title":"","ast-breadcrumbs-content":"","ast-featured-img":"","footer-sml-layout":"","theme-transparent-header-meta":"default","adv-header-id-meta":"","stick-header-meta":"","header-above-stick-meta":"","header-main-stick-meta":"","header-below-stick-meta":""},"product_cat":[116,107],"product_tag":[125],"class_list":["post-32353","product","type-product","status-publish","has-post-thumbnail","hentry","product_cat-microfiber-fr","product_cat-yum-cars-fr","product_tag-yum-cars-fr","desktop-align-left","tablet-align-center","mobile-align-left","ast-product-gallery-layout-horizontal-slider","ast-product-gallery-with-no-image","ast-product-tabs-layout-horizontal"],"_links":{"self":[{"href":"https:\/\/wip.perfectionist.ch\/fr\/wp-json\/wp\/v2\/product\/32353","targetHints":{"allow":["GET"]}}],"collection":[{"href":"https:\/\/wip.perfectionist.ch\/fr\/wp-json\/wp\/v2\/product"}],"about":[{"href":"https:\/\/wip.perfectionist.ch\/fr\/wp-json\/wp\/v2\/types\/product"}],"replies":[{"embeddable":true,"href":"https:\/\/wip.perfectionist.ch\/fr\/wp-json\/wp\/v2\/comments?post=32353"}],"wp:featuredmedia":[{"embeddable":true,"href":"https:\/\/wip.perfectionist.ch\/fr\/wp-json\/wp\/v2\/media\/32011"}],"wp:attachment":[{"href":"https:\/\/wip.perfectionist.ch\/fr\/wp-json\/wp\/v2\/media?parent=32353"}],"wp:term":[{"taxonomy":"product_cat","embeddable":true,"href":"https:\/\/wip.perfectionist.ch\/fr\/wp-json\/wp\/v2\/product_cat?post=32353"},{"taxonomy":"product_tag","embeddable":true,"href":"https:\/\/wip.perfectionist.ch\/fr\/wp-json\/wp\/v2\/product_tag?post=32353"}],"curies":[{"name":"wp","href":"https:\/\/api.w.org\/{rel}","templated":true}]}}